{"id":13089,"date":"2024-04-08T11:30:25","date_gmt":"2024-04-08T14:30:25","guid":{"rendered":"https:\/\/metroarquitetos.com.br\/?page_id=13089"},"modified":"2024-04-08T19:51:14","modified_gmt":"2024-04-08T22:51:14","slug":"contact","status":"publish","type":"page","link":"https:\/\/metroarquitetos.com.br\/en\/contact\/","title":{"rendered":"Contact"},"content":{"rendered":"\n<p>av ipiranga 344, room 251A<br>zip code 01046-010 \u2013 s\u00e3o paulo \u2013 sp \u2013 brazil<\/p>\n\n\n\n<p><span style=\"color: #000000;\"><a style=\"color: #000000;\" href=\"https:\/\/wa.me\/+551132551221\" target=\"_blank\" rel=\"noopener\">WHATSAPP<\/a><\/span><br><span style=\"color: #000000;\"><a style=\"color: #000000;\" href=\"tel:1132551221\">5511 3255 1221<\/a><\/span><br><span style=\"color: #000000;\"><a style=\"color: #000000;\" href=\"tel:1131590900\">5511 3159 0900<\/a><\/span><br><span style=\"color: #000000;\"><a style=\"color: #000000;\" href=\"mailto:CONTATO@METROO.COM.BR\">contato@metroo.com.br<\/a><\/span><br><span style=\"color: #000000;\"><a style=\"color: #000000;\" href=\"https:\/\/goo.gl\/maps\/cw4CbvZ8mxWZPynR8\" target=\"_blank\" rel=\"noopener noreferrer\">Google Maps \u00bb<\/a><\/span><\/p>\n","protected":false},"excerpt":{"rendered":"<p>av ipiranga 344, room 251Azip code 01046-010 \u2013 s\u00e3o paulo \u2013 sp \u2013 brazil WHATSAPP5511 3255 12215511 3159 0900contato@metroo.com.brGoogle Maps \u00bb<\/p>\n","protected":false},"author":7,"featured_media":0,"parent":0,"menu_order":0,"comment_status":"closed","ping_status":"closed","template":"","meta":{"footnotes":""},"class_list":["post-13089","page","type-page","status-publish","hentry"],"yoast_head":"<!-- This site is optimized with the Yoast SEO plugin v27.2 - https:\/\/yoast.com\/product\/yoast-seo-wordpress\/ -->\n<title>Contact - Metro Arquitetos<\/title>\n<meta name=\"robots\" content=\"index, follow, max-snippet:-1, max-image-preview:large, max-video-preview:-1\" \/>\n<link rel=\"canonical\" href=\"https:\/\/metroarquitetos.com.br\/en\/contact\/\" \/>\n<meta property=\"og:locale\" content=\"en_US\" \/>\n<meta property=\"og:type\" content=\"article\" \/>\n<meta property=\"og:title\" content=\"Contact - Metro Arquitetos\" \/>\n<meta property=\"og:description\" content=\"av ipiranga 344, room 251Azip code 01046-010 \u2013 s\u00e3o paulo \u2013 sp \u2013 brazil WHATSAPP5511 3255 12215511 3159 0900contato@metroo.com.brGoogle Maps \u00bb\" \/>\n<meta property=\"og:url\" content=\"https:\/\/metroarquitetos.com.br\/en\/contact\/\" \/>\n<meta property=\"og:site_name\" content=\"Metro Arquitetos\" \/>\n<meta property=\"article:publisher\" content=\"https:\/\/www.facebook.com\/metroarquitetos\" \/>\n<meta property=\"article:modified_time\" content=\"2024-04-08T22:51:14+00:00\" \/>\n<meta name=\"twitter:card\" content=\"summary_large_image\" \/>\n<script type=\"application\/ld+json\" class=\"yoast-schema-graph\">{\"@context\":\"https:\/\/schema.org\",\"@graph\":[{\"@type\":\"WebPage\",\"@id\":\"https:\/\/metroarquitetos.com.br\/en\/contact\/\",\"url\":\"https:\/\/metroarquitetos.com.br\/en\/contact\/\",\"name\":\"Contact - Metro Arquitetos\",\"isPartOf\":{\"@id\":\"https:\/\/metroarquitetos.com.br\/en\/#website\"},\"datePublished\":\"2024-04-08T14:30:25+00:00\",\"dateModified\":\"2024-04-08T22:51:14+00:00\",\"breadcrumb\":{\"@id\":\"https:\/\/metroarquitetos.com.br\/en\/contact\/#breadcrumb\"},\"inLanguage\":\"en-US\",\"potentialAction\":[{\"@type\":\"ReadAction\",\"target\":[\"https:\/\/metroarquitetos.com.br\/en\/contact\/\"]}]},{\"@type\":\"BreadcrumbList\",\"@id\":\"https:\/\/metroarquitetos.com.br\/en\/contact\/#breadcrumb\",\"itemListElement\":[{\"@type\":\"ListItem\",\"position\":1,\"name\":\"In\u00edcio\",\"item\":\"https:\/\/metroarquitetos.com.br\/en\/?lang=en\"},{\"@type\":\"ListItem\",\"position\":2,\"name\":\"Contact\"}]},{\"@type\":\"WebSite\",\"@id\":\"https:\/\/metroarquitetos.com.br\/en\/#website\",\"url\":\"https:\/\/metroarquitetos.com.br\/en\/\",\"name\":\"Metro Arquitetos\",\"description\":\"Metro Arquitetos Associados \u00e9 um escrit\u00f3rio de arquitetura que desenvolve projetos em diversas escalas, de instala\u00e7\u00f5es tempor\u00e1rias a interven\u00e7\u00f5es urbanas.\",\"publisher\":{\"@id\":\"https:\/\/metroarquitetos.com.br\/en\/#organization\"},\"potentialAction\":[{\"@type\":\"SearchAction\",\"target\":{\"@type\":\"EntryPoint\",\"urlTemplate\":\"https:\/\/metroarquitetos.com.br\/en\/?s={search_term_string}\"},\"query-input\":{\"@type\":\"PropertyValueSpecification\",\"valueRequired\":true,\"valueName\":\"search_term_string\"}}],\"inLanguage\":\"en-US\"},{\"@type\":\"Organization\",\"@id\":\"https:\/\/metroarquitetos.com.br\/en\/#organization\",\"name\":\"Metro Arquitetos\",\"url\":\"https:\/\/metroarquitetos.com.br\/en\/\",\"logo\":{\"@type\":\"ImageObject\",\"inLanguage\":\"en-US\",\"@id\":\"https:\/\/metroarquitetos.com.br\/en\/#\/schema\/logo\/image\/\",\"url\":\"https:\/\/metroarquitetos.com.br\/wp-content\/uploads\/2019\/03\/logotipo-metro_01.png\",\"contentUrl\":\"https:\/\/metroarquitetos.com.br\/wp-content\/uploads\/2019\/03\/logotipo-metro_01.png\",\"width\":133,\"height\":35,\"caption\":\"Metro Arquitetos\"},\"image\":{\"@id\":\"https:\/\/metroarquitetos.com.br\/en\/#\/schema\/logo\/image\/\"},\"sameAs\":[\"https:\/\/www.facebook.com\/metroarquitetos\",\"https:\/\/www.instagram.com\/metroarquitetos\/\",\"https:\/\/www.linkedin.com\/company\/metro-arquitetos-associados\/\"]}]}<\/script>\n<!-- \/ Yoast SEO plugin. -->","yoast_head_json":{"title":"Contact - Metro Arquitetos","robots":{"index":"index","follow":"follow","max-snippet":"max-snippet:-1","max-image-preview":"max-image-preview:large","max-video-preview":"max-video-preview:-1"},"canonical":"https:\/\/metroarquitetos.com.br\/en\/contact\/","og_locale":"en_US","og_type":"article","og_title":"Contact - Metro Arquitetos","og_description":"av ipiranga 344, room 251Azip code 01046-010 \u2013 s\u00e3o paulo \u2013 sp \u2013 brazil WHATSAPP5511 3255 12215511 3159 0900contato@metroo.com.brGoogle Maps \u00bb","og_url":"https:\/\/metroarquitetos.com.br\/en\/contact\/","og_site_name":"Metro Arquitetos","article_publisher":"https:\/\/www.facebook.com\/metroarquitetos","article_modified_time":"2024-04-08T22:51:14+00:00","twitter_card":"summary_large_image","schema":{"@context":"https:\/\/schema.org","@graph":[{"@type":"WebPage","@id":"https:\/\/metroarquitetos.com.br\/en\/contact\/","url":"https:\/\/metroarquitetos.com.br\/en\/contact\/","name":"Contact - Metro Arquitetos","isPartOf":{"@id":"https:\/\/metroarquitetos.com.br\/en\/#website"},"datePublished":"2024-04-08T14:30:25+00:00","dateModified":"2024-04-08T22:51:14+00:00","breadcrumb":{"@id":"https:\/\/metroarquitetos.com.br\/en\/contact\/#breadcrumb"},"inLanguage":"en-US","potentialAction":[{"@type":"ReadAction","target":["https:\/\/metroarquitetos.com.br\/en\/contact\/"]}]},{"@type":"BreadcrumbList","@id":"https:\/\/metroarquitetos.com.br\/en\/contact\/#breadcrumb","itemListElement":[{"@type":"ListItem","position":1,"name":"In\u00edcio","item":"https:\/\/metroarquitetos.com.br\/en\/?lang=en"},{"@type":"ListItem","position":2,"name":"Contact"}]},{"@type":"WebSite","@id":"https:\/\/metroarquitetos.com.br\/en\/#website","url":"https:\/\/metroarquitetos.com.br\/en\/","name":"Metro Arquitetos","description":"Metro Arquitetos Associados \u00e9 um escrit\u00f3rio de arquitetura que desenvolve projetos em diversas escalas, de instala\u00e7\u00f5es tempor\u00e1rias a interven\u00e7\u00f5es urbanas.","publisher":{"@id":"https:\/\/metroarquitetos.com.br\/en\/#organization"},"potentialAction":[{"@type":"SearchAction","target":{"@type":"EntryPoint","urlTemplate":"https:\/\/metroarquitetos.com.br\/en\/?s={search_term_string}"},"query-input":{"@type":"PropertyValueSpecification","valueRequired":true,"valueName":"search_term_string"}}],"inLanguage":"en-US"},{"@type":"Organization","@id":"https:\/\/metroarquitetos.com.br\/en\/#organization","name":"Metro Arquitetos","url":"https:\/\/metroarquitetos.com.br\/en\/","logo":{"@type":"ImageObject","inLanguage":"en-US","@id":"https:\/\/metroarquitetos.com.br\/en\/#\/schema\/logo\/image\/","url":"https:\/\/metroarquitetos.com.br\/wp-content\/uploads\/2019\/03\/logotipo-metro_01.png","contentUrl":"https:\/\/metroarquitetos.com.br\/wp-content\/uploads\/2019\/03\/logotipo-metro_01.png","width":133,"height":35,"caption":"Metro Arquitetos"},"image":{"@id":"https:\/\/metroarquitetos.com.br\/en\/#\/schema\/logo\/image\/"},"sameAs":["https:\/\/www.facebook.com\/metroarquitetos","https:\/\/www.instagram.com\/metroarquitetos\/","https:\/\/www.linkedin.com\/company\/metro-arquitetos-associados\/"]}]}},"_links":{"self":[{"href":"https:\/\/metroarquitetos.com.br\/en\/wp-json\/wp\/v2\/pages\/13089","targetHints":{"allow":["GET"]}}],"collection":[{"href":"https:\/\/metroarquitetos.com.br\/en\/wp-json\/wp\/v2\/pages"}],"about":[{"href":"https:\/\/metroarquitetos.com.br\/en\/wp-json\/wp\/v2\/types\/page"}],"author":[{"embeddable":true,"href":"https:\/\/metroarquitetos.com.br\/en\/wp-json\/wp\/v2\/users\/7"}],"replies":[{"embeddable":true,"href":"https:\/\/metroarquitetos.com.br\/en\/wp-json\/wp\/v2\/comments?post=13089"}],"version-history":[{"count":3,"href":"https:\/\/metroarquitetos.com.br\/en\/wp-json\/wp\/v2\/pages\/13089\/revisions"}],"predecessor-version":[{"id":13328,"href":"https:\/\/metroarquitetos.com.br\/en\/wp-json\/wp\/v2\/pages\/13089\/revisions\/13328"}],"wp:attachment":[{"href":"https:\/\/metroarquitetos.com.br\/en\/wp-json\/wp\/v2\/media?parent=13089"}],"curies":[{"name":"wp","href":"https:\/\/api.w.org\/{rel}","templated":true}]}}