{"id":13092,"date":"2024-04-08T11:34:05","date_gmt":"2024-04-08T14:34:05","guid":{"rendered":"https:\/\/metroarquitetos.com.br\/?page_id=13092"},"modified":"2024-04-08T19:50:59","modified_gmt":"2024-04-08T22:50:59","slug":"about","status":"publish","type":"page","link":"https:\/\/metroarquitetos.com.br\/en\/about\/","title":{"rendered":"About"},"content":{"rendered":"\n<p>Founded in the city of S\u00e3o Paulo in 2000, METRO is an architecture studio active across a range of scales, from temporary exhibitions and installations to master planning and urban interventions. The office operates at a high level of technical rigor and research, seeking to promote connections between the work and its context, and to support the collective use of both public and private spaces. Directors Martin Corullon, Gustavo Cedroni and Marina Ioshii have a wealth of experience in projects across institutional, commercial and cultural sectors and experience at the international offices of Foster + Partners in London and OMA in New York.<\/p>\n\n\n\n<p>Clients include the S\u00e3o Paulo Biennale Foundation, Sesc, Nestle, Votorantim, Leme and Tri\u00e2ngulo Gallery, The Moreira Salles Institute and at The S\u00e3o Paulo Museum of Art (MASP) where they remain a key part of the design team. Other projects include urban interventions like the Ladeira of Barroquinha in Salvador. Most recently they have partnered with Paulo Mendes da Rocha [Pritzker Prize and Golden Lion Award] designing Aesop\u2019s first Brazilian store and are responsible for the expansion project for the campus at The Insitute of Aeronautical Technology in S\u00e3o Jos\u00e9 Dos Campos, recently completed. Also designed the restaurant for the Reffetorio Gastromotiva, social project led by the Italian chef Massimo Bottura.<\/p>\n\n\n\n<p>In 2011 they were selected among the AIA\u2019s New Practices NY-SP and in 2012 and 2016 received the APCA Prize given by the S\u00e3o Paulo Association of Art Critics for their work at S\u00e3o Paulo\u2019s 30th Biennale of Art and for bringing back Lina Bo Bardi\u2019s iconic glass easels to MASP\u2019s permanent collection. In 2013 they were chosen as one of the nine Brazilian offices of the new generation highlighted by the exhibition Nove Novos in Frankfurt. METRO also participated in the Architecture Biennale of Buenos Aires in 2011 and 2015 and in the Architecture Week in Prague in 2015. The office has publications in the magazines Casabella, Domus, L\u2019Architecture D\u2019Aujourd\u2019hui and Wallpaper, where the Quay of Arts appeared as one of the world\u2019s most important projects in construction at the time.<\/p>\n\n\n\n<p><strong>martin corullon<\/strong> trained as an Architect at The Faculty of Architecture and Urbanism at The University of S\u00e3o Paulo [FAUUSP]. Holds a Masters degree from the same institution. Founded METRO ARQUITETOS ASSOCIADOS in 2000. Since 1994 has been a close collaborator of Paulo Mendes da Rocha. During 2008 and 2009 he worked at Foster+Partners in London.<\/p>\n\n\n\n<p><strong>gustavo cedroni<\/strong> qualified as an Architect at FAAP in 2000. Worked with Pedro Paulo de Melo Saraiva in 1999, and with Eduardo Colonelli in 2000. Became a collaborator at METRO ARQUITETOS ASSOCIADOS, and partner in 2007. Participated in the Architecture Biennale of Venice with a video installation in 2006 and taught at the European Institute of Design in S\u00e3o Paulo during 2010. In 2012, he worked with Rem Koolhaas\u2019s OMA in NY.<\/p>\n\n\n<div class=\"wp-block-image\">\n<figure class=\"aligncenter\"><img loading=\"lazy\" decoding=\"async\" width=\"601\" height=\"418\" src=\"https:\/\/metroarquitetos.com.br\/wp-content\/uploads\/2024\/04\/metro-arquitetos-associados.jpg\" alt=\"metro arquitetos associados\" class=\"wp-image-13083\" title=\"metro arquitetos associados\" srcset=\"https:\/\/metroarquitetos.com.br\/wp-content\/uploads\/2024\/04\/metro-arquitetos-associados.jpg 601w, https:\/\/metroarquitetos.com.br\/wp-content\/uploads\/2024\/04\/metro-arquitetos-associados-500x348.jpg 500w\" sizes=\"auto, (max-width: 601px) 100vw, 601px\" \/><\/figure>\n<\/div>","protected":false},"excerpt":{"rendered":"<p>Founded in the city of S\u00e3o Paulo in 2000, METRO is an architecture studio active across a range of scales, from temporary exhibitions and installations to master planning and urban interventions. The office operates at a high level of technical rigor and research, seeking to promote connections between the work and its context, and to&#8230;<\/p>\n","protected":false},"author":7,"featured_media":0,"parent":0,"menu_order":0,"comment_status":"closed","ping_status":"closed","template":"","meta":{"footnotes":""},"class_list":["post-13092","page","type-page","status-publish","hentry"],"yoast_head":"<!-- This site is optimized with the Yoast SEO plugin v27.2 - https:\/\/yoast.com\/product\/yoast-seo-wordpress\/ -->\n<title>About - Metro Arquitetos<\/title>\n<meta name=\"robots\" content=\"index, follow, max-snippet:-1, max-image-preview:large, max-video-preview:-1\" \/>\n<link rel=\"canonical\" href=\"https:\/\/metroarquitetos.com.br\/en\/about\/\" \/>\n<meta property=\"og:locale\" content=\"en_US\" \/>\n<meta property=\"og:type\" content=\"article\" \/>\n<meta property=\"og:title\" content=\"About - Metro Arquitetos\" \/>\n<meta property=\"og:description\" content=\"Founded in the city of S\u00e3o Paulo in 2000, METRO is an architecture studio active across a range of scales, from temporary exhibitions and installations to master planning and urban interventions. The office operates at a high level of technical rigor and research, seeking to promote connections between the work and its context, and to...\" \/>\n<meta property=\"og:url\" content=\"https:\/\/metroarquitetos.com.br\/en\/about\/\" \/>\n<meta property=\"og:site_name\" content=\"Metro Arquitetos\" \/>\n<meta property=\"article:publisher\" content=\"https:\/\/www.facebook.com\/metroarquitetos\" \/>\n<meta property=\"article:modified_time\" content=\"2024-04-08T22:50:59+00:00\" \/>\n<meta property=\"og:image\" content=\"https:\/\/metroarquitetos.com.br\/wp-content\/uploads\/2024\/04\/metro-arquitetos-associados.jpg\" \/>\n<meta name=\"twitter:card\" content=\"summary_large_image\" \/>\n<meta name=\"twitter:label1\" content=\"Est. reading time\" \/>\n\t<meta name=\"twitter:data1\" content=\"3 minutes\" \/>\n<script type=\"application\/ld+json\" class=\"yoast-schema-graph\">{\"@context\":\"https:\/\/schema.org\",\"@graph\":[{\"@type\":\"WebPage\",\"@id\":\"https:\/\/metroarquitetos.com.br\/en\/about\/\",\"url\":\"https:\/\/metroarquitetos.com.br\/en\/about\/\",\"name\":\"About - Metro Arquitetos\",\"isPartOf\":{\"@id\":\"https:\/\/metroarquitetos.com.br\/en\/#website\"},\"primaryImageOfPage\":{\"@id\":\"https:\/\/metroarquitetos.com.br\/en\/about\/#primaryimage\"},\"image\":{\"@id\":\"https:\/\/metroarquitetos.com.br\/en\/about\/#primaryimage\"},\"thumbnailUrl\":\"https:\/\/metroarquitetos.com.br\/wp-content\/uploads\/2024\/04\/metro-arquitetos-associados.jpg\",\"datePublished\":\"2024-04-08T14:34:05+00:00\",\"dateModified\":\"2024-04-08T22:50:59+00:00\",\"breadcrumb\":{\"@id\":\"https:\/\/metroarquitetos.com.br\/en\/about\/#breadcrumb\"},\"inLanguage\":\"en-US\",\"potentialAction\":[{\"@type\":\"ReadAction\",\"target\":[\"https:\/\/metroarquitetos.com.br\/en\/about\/\"]}]},{\"@type\":\"ImageObject\",\"inLanguage\":\"en-US\",\"@id\":\"https:\/\/metroarquitetos.com.br\/en\/about\/#primaryimage\",\"url\":\"https:\/\/metroarquitetos.com.br\/wp-content\/uploads\/2024\/04\/metro-arquitetos-associados.jpg\",\"contentUrl\":\"https:\/\/metroarquitetos.com.br\/wp-content\/uploads\/2024\/04\/metro-arquitetos-associados.jpg\"},{\"@type\":\"BreadcrumbList\",\"@id\":\"https:\/\/metroarquitetos.com.br\/en\/about\/#breadcrumb\",\"itemListElement\":[{\"@type\":\"ListItem\",\"position\":1,\"name\":\"In\u00edcio\",\"item\":\"https:\/\/metroarquitetos.com.br\/en\/?lang=en\"},{\"@type\":\"ListItem\",\"position\":2,\"name\":\"About\"}]},{\"@type\":\"WebSite\",\"@id\":\"https:\/\/metroarquitetos.com.br\/en\/#website\",\"url\":\"https:\/\/metroarquitetos.com.br\/en\/\",\"name\":\"Metro Arquitetos\",\"description\":\"Metro Arquitetos Associados \u00e9 um escrit\u00f3rio de arquitetura que desenvolve projetos em diversas escalas, de instala\u00e7\u00f5es tempor\u00e1rias a interven\u00e7\u00f5es urbanas.\",\"publisher\":{\"@id\":\"https:\/\/metroarquitetos.com.br\/en\/#organization\"},\"potentialAction\":[{\"@type\":\"SearchAction\",\"target\":{\"@type\":\"EntryPoint\",\"urlTemplate\":\"https:\/\/metroarquitetos.com.br\/en\/?s={search_term_string}\"},\"query-input\":{\"@type\":\"PropertyValueSpecification\",\"valueRequired\":true,\"valueName\":\"search_term_string\"}}],\"inLanguage\":\"en-US\"},{\"@type\":\"Organization\",\"@id\":\"https:\/\/metroarquitetos.com.br\/en\/#organization\",\"name\":\"Metro Arquitetos\",\"url\":\"https:\/\/metroarquitetos.com.br\/en\/\",\"logo\":{\"@type\":\"ImageObject\",\"inLanguage\":\"en-US\",\"@id\":\"https:\/\/metroarquitetos.com.br\/en\/#\/schema\/logo\/image\/\",\"url\":\"https:\/\/metroarquitetos.com.br\/wp-content\/uploads\/2019\/03\/logotipo-metro_01.png\",\"contentUrl\":\"https:\/\/metroarquitetos.com.br\/wp-content\/uploads\/2019\/03\/logotipo-metro_01.png\",\"width\":133,\"height\":35,\"caption\":\"Metro Arquitetos\"},\"image\":{\"@id\":\"https:\/\/metroarquitetos.com.br\/en\/#\/schema\/logo\/image\/\"},\"sameAs\":[\"https:\/\/www.facebook.com\/metroarquitetos\",\"https:\/\/www.instagram.com\/metroarquitetos\/\",\"https:\/\/www.linkedin.com\/company\/metro-arquitetos-associados\/\"]}]}<\/script>\n<!-- \/ Yoast SEO plugin. -->","yoast_head_json":{"title":"About - Metro Arquitetos","robots":{"index":"index","follow":"follow","max-snippet":"max-snippet:-1","max-image-preview":"max-image-preview:large","max-video-preview":"max-video-preview:-1"},"canonical":"https:\/\/metroarquitetos.com.br\/en\/about\/","og_locale":"en_US","og_type":"article","og_title":"About - Metro Arquitetos","og_description":"Founded in the city of S\u00e3o Paulo in 2000, METRO is an architecture studio active across a range of scales, from temporary exhibitions and installations to master planning and urban interventions. The office operates at a high level of technical rigor and research, seeking to promote connections between the work and its context, and to...","og_url":"https:\/\/metroarquitetos.com.br\/en\/about\/","og_site_name":"Metro Arquitetos","article_publisher":"https:\/\/www.facebook.com\/metroarquitetos","article_modified_time":"2024-04-08T22:50:59+00:00","og_image":[{"url":"https:\/\/metroarquitetos.com.br\/wp-content\/uploads\/2024\/04\/metro-arquitetos-associados.jpg","type":"","width":"","height":""}],"twitter_card":"summary_large_image","twitter_misc":{"Est. reading time":"3 minutes"},"schema":{"@context":"https:\/\/schema.org","@graph":[{"@type":"WebPage","@id":"https:\/\/metroarquitetos.com.br\/en\/about\/","url":"https:\/\/metroarquitetos.com.br\/en\/about\/","name":"About - Metro Arquitetos","isPartOf":{"@id":"https:\/\/metroarquitetos.com.br\/en\/#website"},"primaryImageOfPage":{"@id":"https:\/\/metroarquitetos.com.br\/en\/about\/#primaryimage"},"image":{"@id":"https:\/\/metroarquitetos.com.br\/en\/about\/#primaryimage"},"thumbnailUrl":"https:\/\/metroarquitetos.com.br\/wp-content\/uploads\/2024\/04\/metro-arquitetos-associados.jpg","datePublished":"2024-04-08T14:34:05+00:00","dateModified":"2024-04-08T22:50:59+00:00","breadcrumb":{"@id":"https:\/\/metroarquitetos.com.br\/en\/about\/#breadcrumb"},"inLanguage":"en-US","potentialAction":[{"@type":"ReadAction","target":["https:\/\/metroarquitetos.com.br\/en\/about\/"]}]},{"@type":"ImageObject","inLanguage":"en-US","@id":"https:\/\/metroarquitetos.com.br\/en\/about\/#primaryimage","url":"https:\/\/metroarquitetos.com.br\/wp-content\/uploads\/2024\/04\/metro-arquitetos-associados.jpg","contentUrl":"https:\/\/metroarquitetos.com.br\/wp-content\/uploads\/2024\/04\/metro-arquitetos-associados.jpg"},{"@type":"BreadcrumbList","@id":"https:\/\/metroarquitetos.com.br\/en\/about\/#breadcrumb","itemListElement":[{"@type":"ListItem","position":1,"name":"In\u00edcio","item":"https:\/\/metroarquitetos.com.br\/en\/?lang=en"},{"@type":"ListItem","position":2,"name":"About"}]},{"@type":"WebSite","@id":"https:\/\/metroarquitetos.com.br\/en\/#website","url":"https:\/\/metroarquitetos.com.br\/en\/","name":"Metro Arquitetos","description":"Metro Arquitetos Associados \u00e9 um escrit\u00f3rio de arquitetura que desenvolve projetos em diversas escalas, de instala\u00e7\u00f5es tempor\u00e1rias a interven\u00e7\u00f5es urbanas.","publisher":{"@id":"https:\/\/metroarquitetos.com.br\/en\/#organization"},"potentialAction":[{"@type":"SearchAction","target":{"@type":"EntryPoint","urlTemplate":"https:\/\/metroarquitetos.com.br\/en\/?s={search_term_string}"},"query-input":{"@type":"PropertyValueSpecification","valueRequired":true,"valueName":"search_term_string"}}],"inLanguage":"en-US"},{"@type":"Organization","@id":"https:\/\/metroarquitetos.com.br\/en\/#organization","name":"Metro Arquitetos","url":"https:\/\/metroarquitetos.com.br\/en\/","logo":{"@type":"ImageObject","inLanguage":"en-US","@id":"https:\/\/metroarquitetos.com.br\/en\/#\/schema\/logo\/image\/","url":"https:\/\/metroarquitetos.com.br\/wp-content\/uploads\/2019\/03\/logotipo-metro_01.png","contentUrl":"https:\/\/metroarquitetos.com.br\/wp-content\/uploads\/2019\/03\/logotipo-metro_01.png","width":133,"height":35,"caption":"Metro Arquitetos"},"image":{"@id":"https:\/\/metroarquitetos.com.br\/en\/#\/schema\/logo\/image\/"},"sameAs":["https:\/\/www.facebook.com\/metroarquitetos","https:\/\/www.instagram.com\/metroarquitetos\/","https:\/\/www.linkedin.com\/company\/metro-arquitetos-associados\/"]}]}},"_links":{"self":[{"href":"https:\/\/metroarquitetos.com.br\/en\/wp-json\/wp\/v2\/pages\/13092","targetHints":{"allow":["GET"]}}],"collection":[{"href":"https:\/\/metroarquitetos.com.br\/en\/wp-json\/wp\/v2\/pages"}],"about":[{"href":"https:\/\/metroarquitetos.com.br\/en\/wp-json\/wp\/v2\/types\/page"}],"author":[{"embeddable":true,"href":"https:\/\/metroarquitetos.com.br\/en\/wp-json\/wp\/v2\/users\/7"}],"replies":[{"embeddable":true,"href":"https:\/\/metroarquitetos.com.br\/en\/wp-json\/wp\/v2\/comments?post=13092"}],"version-history":[{"count":3,"href":"https:\/\/metroarquitetos.com.br\/en\/wp-json\/wp\/v2\/pages\/13092\/revisions"}],"predecessor-version":[{"id":13327,"href":"https:\/\/metroarquitetos.com.br\/en\/wp-json\/wp\/v2\/pages\/13092\/revisions\/13327"}],"wp:attachment":[{"href":"https:\/\/metroarquitetos.com.br\/en\/wp-json\/wp\/v2\/media?parent=13092"}],"curies":[{"name":"wp","href":"https:\/\/api.w.org\/{rel}","templated":true}]}}